{"id":2,"date":"2023-12-20T16:22:06","date_gmt":"2023-12-20T16:22:06","guid":{"rendered":"https:\/\/seethefuture.lv\/?page_id=2"},"modified":"2024-04-15T17:21:07","modified_gmt":"2024-04-15T17:21:07","slug":"home","status":"publish","type":"page","link":"https:\/\/seethefuture.lv\/en\/","title":{"rendered":"Home"},"content":{"rendered":"<div data-elementor-type=\"wp-page\" data-elementor-id=\"2\" class=\"elementor elementor-2\">\n\t\t\t\t<div class=\"elementor-element elementor-element-9711f30 e-flex e-con-boxed e-con e-parent\" data-id=\"9711f30\" data-element_type=\"container\" data-settings=\"{&quot;background_background&quot;:&quot;classic&quot;}\">\n\t\t\t\t\t<div class=\"e-con-inner\">\n\t\t\t\t<div class=\"elementor-element elementor-element-ab67247 elementor-invisible elementor-widget elementor-widget-heading\" data-id=\"ab67247\" data-element_type=\"widget\" data-settings=\"{&quot;_animation&quot;:&quot;fadeInDown&quot;}\" data-widget_type=\"heading.default\">\n\t\t\t\t<div class=\"elementor-widget-container\">\n\t\t\t\t\t<h2 class=\"elementor-heading-title elementor-size-default\">See the future - Foundation<\/h2>\t\t\t\t<\/div>\n\t\t\t\t<\/div>\n\t\t\t\t\t<\/div>\n\t\t\t\t<\/div>\n\t\t<div class=\"elementor-element elementor-element-10bf209 e-flex e-con-boxed e-con e-parent\" data-id=\"10bf209\" data-element_type=\"container\">\n\t\t\t\t\t<div class=\"e-con-inner\">\n\t\t<div class=\"elementor-element elementor-element-2e6ee5a e-con-full e-flex e-con e-child\" data-id=\"2e6ee5a\" data-element_type=\"container\">\n\t\t\t\t<div class=\"elementor-element elementor-element-3eebf07 elementor-widget elementor-widget-heading\" data-id=\"3eebf07\" data-element_type=\"widget\" data-widget_type=\"heading.default\">\n\t\t\t\t<div class=\"elementor-widget-container\">\n\t\t\t\t\t<h2 class=\"elementor-heading-title elementor-size-default\">Welcome!<\/h2>\t\t\t\t<\/div>\n\t\t\t\t<\/div>\n\t\t\t\t<div class=\"elementor-element elementor-element-3e77f62 elementor-widget elementor-widget-text-editor\" data-id=\"3e77f62\" data-element_type=\"widget\" data-widget_type=\"text-editor.default\">\n\t\t\t\t<div class=\"elementor-widget-container\">\n\t\t\t\t\t\t\t\t\t<p>Welcome to See The Future Foundation, where clear vision leads to brighter futures.<\/p>\t\t\t\t\t\t\t\t<\/div>\n\t\t\t\t<\/div>\n\t\t\t\t<div class=\"elementor-element elementor-element-1d85087 elementor-widget elementor-widget-text-editor\" data-id=\"1d85087\" data-element_type=\"widget\" data-widget_type=\"text-editor.default\">\n\t\t\t\t<div class=\"elementor-widget-container\">\n\t\t\t\t\t\t\t\t\t<p>Founded by the \"de Winter\" family, at See The Future Foundation, we believe that everyone deserves the opportunity to see the world clearly. Yet, for many individuals, the cost of vision correction can be a barrier to achieving their full potential.<\/p>\t\t\t\t\t\t\t\t<\/div>\n\t\t\t\t<\/div>\n\t\t\t\t<div class=\"elementor-element elementor-element-e7d67e1 elementor-widget elementor-widget-text-editor\" data-id=\"e7d67e1\" data-element_type=\"widget\" data-widget_type=\"text-editor.default\">\n\t\t\t\t<div class=\"elementor-widget-container\">\n\t\t\t\t\t\t\t\t\t<p>That's where we come in.<\/p>\t\t\t\t\t\t\t\t<\/div>\n\t\t\t\t<\/div>\n\t\t\t\t<\/div>\n\t\t<div class=\"elementor-element elementor-element-56dcd0d e-con-full e-flex e-con e-child\" data-id=\"56dcd0d\" data-element_type=\"container\">\n\t\t\t\t<div class=\"elementor-element elementor-element-d5751cc animated-slow elementor-invisible elementor-widget elementor-widget-image\" data-id=\"d5751cc\" data-element_type=\"widget\" data-settings=\"{&quot;_animation&quot;:&quot;zoomInDown&quot;}\" data-widget_type=\"image.default\">\n\t\t\t\t<div class=\"elementor-widget-container\">\n\t\t\t\t\t\t\t\t\t\t\t\t\t\t\t<img fetchpriority=\"high\" decoding=\"async\" width=\"1920\" height=\"1042\" src=\"https:\/\/seethefuture.lv\/wp-content\/uploads\/2023\/12\/kid-with-glasses.jpg\" class=\"attachment-full size-full wp-image-75\" alt=\"\" srcset=\"https:\/\/seethefuture.lv\/wp-content\/uploads\/2023\/12\/kid-with-glasses.jpg 1920w, https:\/\/seethefuture.lv\/wp-content\/uploads\/2023\/12\/kid-with-glasses-300x163.jpg 300w, https:\/\/seethefuture.lv\/wp-content\/uploads\/2023\/12\/kid-with-glasses-1024x556.jpg 1024w, https:\/\/seethefuture.lv\/wp-content\/uploads\/2023\/12\/kid-with-glasses-768x417.jpg 768w, https:\/\/seethefuture.lv\/wp-content\/uploads\/2023\/12\/kid-with-glasses-1536x834.jpg 1536w\" sizes=\"(max-width: 1920px) 100vw, 1920px\" \/>\t\t\t\t\t\t\t\t\t\t\t\t\t\t\t<\/div>\n\t\t\t\t<\/div>\n\t\t\t\t<\/div>\n\t\t\t\t\t<\/div>\n\t\t\t\t<\/div>\n\t\t\t\t<\/div>","protected":false},"excerpt":{"rendered":"<p>Redz\u0113t n\u0101kotni &#8211; Fonds Sveicin\u0101ti! Sveicin\u0101ti \u201cSee The Future Foundation\u201d, kur uz gai\u0161\u0101ku n\u0101kotni ved lab\u0101ka redze! \u201cSee The Future\u201d labdar\u012bbas fond\u0101, ko dibin\u0101jusi de Winter \u0123imene, m\u0113s uzskat\u0101m, ka ikviens ir peln\u012bjis iesp\u0113ju skaidri redz\u0113t pasauli. Tom\u0113r daudziem cilv\u0113kiem redzes korekcijas l\u012bdzek\u013cu izmaksas var b\u016bt \u0161\u0137\u0113rslis, lai sasniegtu pilnu savu potenci\u0101lu. Tur m\u0113s n\u0101kam [&hellip;]<\/p>","protected":false},"author":1,"featured_media":0,"parent":0,"menu_order":0,"comment_status":"closed","ping_status":"closed","template":"elementor_header_footer","meta":{"footnotes":""},"class_list":["post-2","page","type-page","status-publish","hentry"],"_links":{"self":[{"href":"https:\/\/seethefuture.lv\/en\/wp-json\/wp\/v2\/pages\/2","targetHints":{"allow":["GET"]}}],"collection":[{"href":"https:\/\/seethefuture.lv\/en\/wp-json\/wp\/v2\/pages"}],"about":[{"href":"https:\/\/seethefuture.lv\/en\/wp-json\/wp\/v2\/types\/page"}],"author":[{"embeddable":true,"href":"https:\/\/seethefuture.lv\/en\/wp-json\/wp\/v2\/users\/1"}],"replies":[{"embeddable":true,"href":"https:\/\/seethefuture.lv\/en\/wp-json\/wp\/v2\/comments?post=2"}],"version-history":[{"count":170,"href":"https:\/\/seethefuture.lv\/en\/wp-json\/wp\/v2\/pages\/2\/revisions"}],"predecessor-version":[{"id":831,"href":"https:\/\/seethefuture.lv\/en\/wp-json\/wp\/v2\/pages\/2\/revisions\/831"}],"wp:attachment":[{"href":"https:\/\/seethefuture.lv\/en\/wp-json\/wp\/v2\/media?parent=2"}],"curies":[{"name":"wp","href":"https:\/\/api.w.org\/{rel}","templated":true}]}}