{"id":70,"date":"2023-12-21T10:07:34","date_gmt":"2023-12-21T10:07:34","guid":{"rendered":"https:\/\/seethefuture.lv\/?page_id=70"},"modified":"2024-04-15T17:47:19","modified_gmt":"2024-04-15T17:47:19","slug":"about-us","status":"publish","type":"page","link":"https:\/\/seethefuture.lv\/en\/about-us\/","title":{"rendered":"About Us"},"content":{"rendered":"<div data-elementor-type=\"wp-page\" data-elementor-id=\"70\" class=\"elementor elementor-70\">\n\t\t\t\t<div class=\"elementor-element elementor-element-fc8961d e-flex e-con-boxed e-con e-parent\" data-id=\"fc8961d\" data-element_type=\"container\" data-settings=\"{&quot;background_background&quot;:&quot;classic&quot;,&quot;shape_divider_bottom&quot;:&quot;tilt&quot;}\">\n\t\t\t\t\t<div class=\"e-con-inner\">\n\t\t\t\t<div class=\"elementor-shape elementor-shape-bottom\" aria-hidden=\"true\" data-negative=\"false\">\n\t\t\t<svg xmlns=\"http:\/\/www.w3.org\/2000\/svg\" viewbox=\"0 0 1000 100\" preserveaspectratio=\"none\">\n\t<path class=\"elementor-shape-fill\" d=\"M0,6V0h1000v100L0,6z\"\/>\n<\/svg>\t\t<\/div>\n\t\t\t\t<div class=\"elementor-element elementor-element-9f01f6a elementor-widget elementor-widget-heading\" data-id=\"9f01f6a\" data-element_type=\"widget\" data-widget_type=\"heading.default\">\n\t\t\t\t<div class=\"elementor-widget-container\">\n\t\t\t\t\t<h2 class=\"elementor-heading-title elementor-size-default\">About Us<\/h2>\t\t\t\t<\/div>\n\t\t\t\t<\/div>\n\t\t\t\t\t<\/div>\n\t\t\t\t<\/div>\n\t\t<div class=\"elementor-element elementor-element-e3d0d40 e-flex e-con-boxed e-con e-parent\" data-id=\"e3d0d40\" data-element_type=\"container\">\n\t\t\t\t\t<div class=\"e-con-inner\">\n\t\t<div class=\"elementor-element elementor-element-f3a8aee e-con-full e-flex e-con e-child\" data-id=\"f3a8aee\" data-element_type=\"container\">\n\t\t\t\t<div class=\"elementor-element elementor-element-8d72a7d elementor-widget elementor-widget-heading\" data-id=\"8d72a7d\" data-element_type=\"widget\" data-widget_type=\"heading.default\">\n\t\t\t\t<div class=\"elementor-widget-container\">\n\t\t\t\t\t<h2 class=\"elementor-heading-title elementor-size-default\">What We Do<\/h2>\t\t\t\t<\/div>\n\t\t\t\t<\/div>\n\t\t\t\t<div class=\"elementor-element elementor-element-37ecc59 elementor-widget elementor-widget-text-editor\" data-id=\"37ecc59\" data-element_type=\"widget\" data-widget_type=\"text-editor.default\">\n\t\t\t\t<div class=\"elementor-widget-container\">\n\t\t\t\t\t\t\t\t\t<p>Founded by \"de Winter\" family, established with a mission to bridge the gap between financial constraints and visual clarity, See The Future Foundation is dedicated to providing essential support to those in need of glasses but lacking the means to obtain them. By offering financial assistance, we empower individuals to access the vision care they require, unlocking a world of possibilities and opportunities.<\/p>\t\t\t\t\t\t\t\t<\/div>\n\t\t\t\t<\/div>\n\t\t\t\t<div class=\"elementor-element elementor-element-27e0ef0 elementor-widget elementor-widget-text-editor\" data-id=\"27e0ef0\" data-element_type=\"widget\" data-widget_type=\"text-editor.default\">\n\t\t\t\t<div class=\"elementor-widget-container\">\n\t\t\t\t\t\t\t\t\t<p>Our foundation operates on the principle that sight is not just a sense but a gateway to independence, education, and success. Whether it\u2019s a child struggling to read the blackboard in school, a parent unable to perform their job effectively due to vision impairment, or a senior citizen experiencing difficulty with everyday tasks, we understand the profound impact that clear vision can have on every aspect of life.<\/p>\t\t\t\t\t\t\t\t<\/div>\n\t\t\t\t<\/div>\n\t\t\t\t<div class=\"elementor-element elementor-element-3a8fc1f elementor-widget elementor-widget-text-editor\" data-id=\"3a8fc1f\" data-element_type=\"widget\" data-widget_type=\"text-editor.default\">\n\t\t\t\t<div class=\"elementor-widget-container\">\n\t\t\t\t\t\t\t\t\t<p>Driven by compassion and a commitment to social equity, See The Future Foundation works tirelessly to ensure that no one is left behind due to vision-related financial constraints. Through partnerships with optometrists, optical centers, and community organizations, we strive to reach individuals across all walks of life, providing tailored support that meets their unique needs.<\/p>\t\t\t\t\t\t\t\t<\/div>\n\t\t\t\t<\/div>\n\t\t\t\t<\/div>\n\t\t<div class=\"elementor-element elementor-element-7562d0c e-con-full e-flex e-con e-child\" data-id=\"7562d0c\" data-element_type=\"container\" data-settings=\"{&quot;shape_divider_bottom&quot;:&quot;mountains&quot;}\">\n\t\t\t\t<div class=\"elementor-shape elementor-shape-bottom\" aria-hidden=\"true\" data-negative=\"false\">\n\t\t\t<svg xmlns=\"http:\/\/www.w3.org\/2000\/svg\" viewbox=\"0 0 1000 100\" preserveaspectratio=\"none\">\n\t<path class=\"elementor-shape-fill\" opacity=\"0.33\" d=\"M473,67.3c-203.9,88.3-263.1-34-320.3,0C66,119.1,0,59.7,0,59.7V0h1000v59.7 c0,0-62.1,26.1-94.9,29.3c-32.8,3.3-62.8-12.3-75.8-22.1C806,49.6,745.3,8.7,694.9,4.7S492.4,59,473,67.3z\"\/>\n\t<path class=\"elementor-shape-fill\" opacity=\"0.66\" d=\"M734,67.3c-45.5,0-77.2-23.2-129.1-39.1c-28.6-8.7-150.3-10.1-254,39.1 s-91.7-34.4-149.2,0C115.7,118.3,0,39.8,0,39.8V0h1000v36.5c0,0-28.2-18.5-92.1-18.5C810.2,18.1,775.7,67.3,734,67.3z\"\/>\n\t<path class=\"elementor-shape-fill\" d=\"M766.1,28.9c-200-57.5-266,65.5-395.1,19.5C242,1.8,242,5.4,184.8,20.6C128,35.8,132.3,44.9,89.9,52.5C28.6,63.7,0,0,0,0 h1000c0,0-9.9,40.9-83.6,48.1S829.6,47,766.1,28.9z\"\/>\n<\/svg>\t\t<\/div>\n\t\t\t\t<div class=\"elementor-element elementor-element-56118bd elementor-widget elementor-widget-image\" data-id=\"56118bd\" data-element_type=\"widget\" data-widget_type=\"image.default\">\n\t\t\t\t<div class=\"elementor-widget-container\">\n\t\t\t\t\t\t\t\t\t\t\t\t\t\t\t<img fetchpriority=\"high\" decoding=\"async\" width=\"640\" height=\"640\" src=\"https:\/\/seethefuture.lv\/wp-content\/uploads\/2023\/12\/sun-7851979_640.png\" class=\"attachment-large size-large wp-image-425\" alt=\"\" srcset=\"https:\/\/seethefuture.lv\/wp-content\/uploads\/2023\/12\/sun-7851979_640.png 640w, https:\/\/seethefuture.lv\/wp-content\/uploads\/2023\/12\/sun-7851979_640-300x300.png 300w, https:\/\/seethefuture.lv\/wp-content\/uploads\/2023\/12\/sun-7851979_640-150x150.png 150w, https:\/\/seethefuture.lv\/wp-content\/uploads\/2023\/12\/sun-7851979_640-12x12.png 12w\" sizes=\"(max-width: 640px) 100vw, 640px\" \/>\t\t\t\t\t\t\t\t\t\t\t\t\t\t\t<\/div>\n\t\t\t\t<\/div>\n\t\t\t\t<\/div>\n\t\t\t\t\t<\/div>\n\t\t\t\t<\/div>\n\t\t<div class=\"elementor-element elementor-element-46e2860 e-flex e-con-boxed e-con e-parent\" data-id=\"46e2860\" data-element_type=\"container\" data-settings=\"{&quot;background_background&quot;:&quot;classic&quot;}\">\n\t\t\t\t\t<div class=\"e-con-inner\">\n\t\t\t\t<div class=\"elementor-element elementor-element-00d9ec7 elementor-absolute animated-slow elementor-invisible elementor-widget elementor-widget-image\" data-id=\"00d9ec7\" data-element_type=\"widget\" data-settings=\"{&quot;_position&quot;:&quot;absolute&quot;,&quot;_animation&quot;:&quot;zoomInLeft&quot;}\" data-widget_type=\"image.default\">\n\t\t\t\t<div class=\"elementor-widget-container\">\n\t\t\t\t\t\t\t\t\t\t\t\t\t\t\t<img decoding=\"async\" width=\"300\" height=\"150\" src=\"https:\/\/seethefuture.lv\/wp-content\/uploads\/2023\/12\/eyeglass-34011_1280-300x150.png\" class=\"attachment-medium size-medium wp-image-441\" alt=\"\" srcset=\"https:\/\/seethefuture.lv\/wp-content\/uploads\/2023\/12\/eyeglass-34011_1280-300x150.png 300w, https:\/\/seethefuture.lv\/wp-content\/uploads\/2023\/12\/eyeglass-34011_1280-1024x512.png 1024w, https:\/\/seethefuture.lv\/wp-content\/uploads\/2023\/12\/eyeglass-34011_1280-768x384.png 768w, https:\/\/seethefuture.lv\/wp-content\/uploads\/2023\/12\/eyeglass-34011_1280-18x9.png 18w, https:\/\/seethefuture.lv\/wp-content\/uploads\/2023\/12\/eyeglass-34011_1280.png 1280w\" sizes=\"(max-width: 300px) 100vw, 300px\" \/>\t\t\t\t\t\t\t\t\t\t\t\t\t\t\t<\/div>\n\t\t\t\t<\/div>\n\t\t\t\t<div class=\"elementor-element elementor-element-a3ea739 elementor-widget elementor-widget-heading\" data-id=\"a3ea739\" data-element_type=\"widget\" data-widget_type=\"heading.default\">\n\t\t\t\t<div class=\"elementor-widget-container\">\n\t\t\t\t\t<h2 class=\"elementor-heading-title elementor-size-default\">Our Mission<\/h2>\t\t\t\t<\/div>\n\t\t\t\t<\/div>\n\t\t\t\t<div class=\"elementor-element elementor-element-2c182a6 elementor-widget elementor-widget-text-editor\" data-id=\"2c182a6\" data-element_type=\"widget\" data-widget_type=\"text-editor.default\">\n\t\t\t\t<div class=\"elementor-widget-container\">\n\t\t\t\t\t\t\t\t\t<p>At See The Future Foundation, our mission is simple yet profound: to provide financial support for individuals who need glasses but lack the means to afford them. We are dedicated to breaking down barriers to vision care, ensuring that no one is left behind due to financial constraints.<\/p>\t\t\t\t\t\t\t\t<\/div>\n\t\t\t\t<\/div>\n\t\t\t\t<div class=\"elementor-element elementor-element-d197afd elementor-widget elementor-widget-text-editor\" data-id=\"d197afd\" data-element_type=\"widget\" data-widget_type=\"text-editor.default\">\n\t\t\t\t<div class=\"elementor-widget-container\">\n\t\t\t\t\t\t\t\t\t<p>By offering assistance tailored to individual needs, we empower individuals to access the clear vision they deserve, paving the way for brighter futures and greater opportunities.<\/p>\t\t\t\t\t\t\t\t<\/div>\n\t\t\t\t<\/div>\n\t\t\t\t<div class=\"elementor-element elementor-element-d65576b elementor-widget elementor-widget-text-editor\" data-id=\"d65576b\" data-element_type=\"widget\" data-widget_type=\"text-editor.default\">\n\t\t\t\t<div class=\"elementor-widget-container\">\n\t\t\t\t\t\t\t\t\t<p>Our commitment to compassion, equity, and social responsibility drives everything we do as we work tirelessly to make a tangible difference in the lives of those we serve.<\/p>\t\t\t\t\t\t\t\t<\/div>\n\t\t\t\t<\/div>\n\t\t\t\t\t<\/div>\n\t\t\t\t<\/div>\n\t\t<div class=\"elementor-element elementor-element-ce6d00a e-con-full e-flex e-con e-parent\" data-id=\"ce6d00a\" data-element_type=\"container\">\n\t\t<div class=\"elementor-element elementor-element-d6ba91c e-con-full e-flex e-con e-child\" data-id=\"d6ba91c\" data-element_type=\"container\">\n\t\t\t\t<div class=\"elementor-element elementor-element-53b6522 elementor-widget elementor-widget-image\" data-id=\"53b6522\" data-element_type=\"widget\" data-widget_type=\"image.default\">\n\t\t\t\t<div class=\"elementor-widget-container\">\n\t\t\t\t\t\t\t\t\t\t\t\t\t\t\t<img decoding=\"async\" width=\"640\" height=\"427\" src=\"https:\/\/seethefuture.lv\/wp-content\/uploads\/2023\/12\/stones-3364324_640.jpg\" class=\"attachment-full size-full wp-image-455\" alt=\"\" srcset=\"https:\/\/seethefuture.lv\/wp-content\/uploads\/2023\/12\/stones-3364324_640.jpg 640w, https:\/\/seethefuture.lv\/wp-content\/uploads\/2023\/12\/stones-3364324_640-300x200.jpg 300w, https:\/\/seethefuture.lv\/wp-content\/uploads\/2023\/12\/stones-3364324_640-18x12.jpg 18w\" sizes=\"(max-width: 640px) 100vw, 640px\" \/>\t\t\t\t\t\t\t\t\t\t\t\t\t\t\t<\/div>\n\t\t\t\t<\/div>\n\t\t\t\t<\/div>\n\t\t<div class=\"elementor-element elementor-element-a19ac97 e-con-full e-flex e-con e-child\" data-id=\"a19ac97\" data-element_type=\"container\">\n\t\t\t\t<div class=\"elementor-element elementor-element-c4da540 elementor-widget elementor-widget-heading\" data-id=\"c4da540\" data-element_type=\"widget\" data-widget_type=\"heading.default\">\n\t\t\t\t<div class=\"elementor-widget-container\">\n\t\t\t\t\t<h2 class=\"elementor-heading-title elementor-size-default\">Our Vision<\/h2>\t\t\t\t<\/div>\n\t\t\t\t<\/div>\n\t\t\t\t<div class=\"elementor-element elementor-element-034a8fb elementor-widget elementor-widget-text-editor\" data-id=\"034a8fb\" data-element_type=\"widget\" data-widget_type=\"text-editor.default\">\n\t\t\t\t<div class=\"elementor-widget-container\">\n\t\t\t\t\t\t\t\t\t<p>Our vision at See The Future Foundation is to create a world where clear vision is accessible to all, regardless of financial circumstances. We envision a future where every individual has the opportunity to see the world with clarity and confidence, unlocking their full potential and participating fully in society.<\/p>\t\t\t\t\t\t\t\t<\/div>\n\t\t\t\t<\/div>\n\t\t\t\t<div class=\"elementor-element elementor-element-2e9e2db elementor-widget elementor-widget-text-editor\" data-id=\"2e9e2db\" data-element_type=\"widget\" data-widget_type=\"text-editor.default\">\n\t\t\t\t<div class=\"elementor-widget-container\">\n\t\t\t\t\t\t\t\t\t<p>Through our efforts to bridge the gap between financial constraints and vision care, we strive to build a more inclusive and equitable world where sight is not just a sense but a fundamental right.<\/p>\t\t\t\t\t\t\t\t<\/div>\n\t\t\t\t<\/div>\n\t\t\t\t<div class=\"elementor-element elementor-element-2bb2abe elementor-widget elementor-widget-text-editor\" data-id=\"2bb2abe\" data-element_type=\"widget\" data-widget_type=\"text-editor.default\">\n\t\t\t\t<div class=\"elementor-widget-container\">\n\t\t\t\t\t\t\t\t\t<p>Join us in our vision to create a world where everyone can See The Future clearly.<\/p>\t\t\t\t\t\t\t\t<\/div>\n\t\t\t\t<\/div>\n\t\t\t\t<div class=\"elementor-element elementor-element-9fd5d5d elementor-widget elementor-widget-text-editor\" data-id=\"9fd5d5d\" data-element_type=\"widget\" data-widget_type=\"text-editor.default\">\n\t\t\t\t<div class=\"elementor-widget-container\">\n\t\t\t\t\t\t\t\t\t<p>Together, we can make a difference, one pair of glasses at a time.<\/p>\t\t\t\t\t\t\t\t<\/div>\n\t\t\t\t<\/div>\n\t\t\t\t<\/div>\n\t\t\t\t<\/div>\n\t\t\t\t<\/div>","protected":false},"excerpt":{"rendered":"<p>Par mums Ko m\u0113s daram? \u201cSee The Future\u201d fonda m\u0113r\u0137is ir nov\u0113rst plaisu starp finansi\u0101lajiem ierobe\u017eojumiem un skaidru redzi. \u0160is fonds ir paredz\u0113ts, lai sniegtu b\u016btisku atbalstu tiem, kuriem nepiecie\u0161amas brilles, bet kuriem tr\u016bkst finansi\u0101lu l\u012bdzek\u013cu, lai t\u0101s ieg\u0101d\u0101tos. Pied\u0101v\u0101jot finansi\u0101lu atbalstu, m\u0113s sniedzam cilv\u0113kiem iesp\u0113ju ieg\u016bt nepiecie\u0161amos redzes korekcijas l\u012bdzek\u013cus, t\u0101d\u0113j\u0101di atverot pla\u0161\u0101ku pasauli. [&hellip;]<\/p>","protected":false},"author":1,"featured_media":0,"parent":0,"menu_order":0,"comment_status":"closed","ping_status":"closed","template":"elementor_header_footer","meta":{"footnotes":""},"class_list":["post-70","page","type-page","status-publish","hentry"],"_links":{"self":[{"href":"https:\/\/seethefuture.lv\/en\/wp-json\/wp\/v2\/pages\/70","targetHints":{"allow":["GET"]}}],"collection":[{"href":"https:\/\/seethefuture.lv\/en\/wp-json\/wp\/v2\/pages"}],"about":[{"href":"https:\/\/seethefuture.lv\/en\/wp-json\/wp\/v2\/types\/page"}],"author":[{"embeddable":true,"href":"https:\/\/seethefuture.lv\/en\/wp-json\/wp\/v2\/users\/1"}],"replies":[{"embeddable":true,"href":"https:\/\/seethefuture.lv\/en\/wp-json\/wp\/v2\/comments?post=70"}],"version-history":[{"count":200,"href":"https:\/\/seethefuture.lv\/en\/wp-json\/wp\/v2\/pages\/70\/revisions"}],"predecessor-version":[{"id":876,"href":"https:\/\/seethefuture.lv\/en\/wp-json\/wp\/v2\/pages\/70\/revisions\/876"}],"wp:attachment":[{"href":"https:\/\/seethefuture.lv\/en\/wp-json\/wp\/v2\/media?parent=70"}],"curies":[{"name":"wp","href":"https:\/\/api.w.org\/{rel}","templated":true}]}}